{"id":26,"date":"2017-06-08T10:01:32","date_gmt":"2017-06-08T08:01:32","guid":{"rendered":"http:\/\/seobest.de\/demo3\/?page_id=26"},"modified":"2025-06-11T23:10:27","modified_gmt":"2025-06-11T21:10:27","slug":"imprint","status":"publish","type":"page","link":"https:\/\/www.xn--sldi-cnc-n4a.ch\/en\/imprint\/","title":{"rendered":"Imprint"},"content":{"rendered":"\n<h2 class=\"wp-block-heading\"><strong>Impressum<\/strong><\/h2>\n\n\n\n<p><strong>S\u00f6ldi-CNC mechanical processing<\/strong><\/p>\n\n\n\n<p>Im Baffles 3<br>9450 Altst\u00e4tten<br><strong>Schweiz<\/strong><\/p>\n\n\n\n<p><strong>Tel<\/strong>.: +41 (0)71 7771350<br><strong>Fax&nbsp;<\/strong>: +41 (0)71 7771349<\/p>\n\n\n\n<p><strong>E-mail :<\/strong><br><a href=\"mailto:soeldi-cnc@bluewin.ch\">soeldi-cnc@bluewin.ch<\/a><\/p>\n\n\n\n<p><\/p>\n\n\n\n<p><\/p>\n","protected":false},"excerpt":{"rendered":"<p>Impressum S\u00f6ldi-CNC mechanical processing Im Baffles 39450 Altst\u00e4ttenSchweiz Tel.: +41 (0)71 7771350Fax&nbsp;: +41 (0)71 7771349 E-mail :soeldi-cnc@bluewin.ch<\/p>\n","protected":false},"author":1,"featured_media":10832,"parent":0,"menu_order":0,"comment_status":"closed","ping_status":"closed","template":"","meta":{"_coblocks_attr":"","_coblocks_dimensions":"","_coblocks_responsive_height":"","_coblocks_accordion_ie_support":"","pgc_sgb_lightbox_settings":"","footnotes":""},"class_list":["post-26","page","type-page","status-publish","has-post-thumbnail","hentry"],"yoast_head":"<!-- This site is optimized with the Yoast SEO plugin v25.4 - https:\/\/yoast.com\/wordpress\/plugins\/seo\/ -->\n<title>Imprint - S\u00f6ldi-CNC mechanische Bearbeitung<\/title>\n<meta name=\"robots\" content=\"index, follow, max-snippet:-1, max-image-preview:large, max-video-preview:-1\" \/>\n<link rel=\"canonical\" href=\"https:\/\/www.xn--sldi-cnc-n4a.ch\/en\/imprint\/\" \/>\n<meta property=\"og:locale\" content=\"de_DE\" \/>\n<meta property=\"og:type\" content=\"article\" \/>\n<meta property=\"og:title\" content=\"Imprint - S\u00f6ldi-CNC mechanische Bearbeitung\" \/>\n<meta property=\"og:description\" content=\"Impressum S\u00f6ldi-CNC mechanical processing Im Baffles 39450 Altst\u00e4ttenSchweiz Tel.: +41 (0)71 7771350Fax&nbsp;: +41 (0)71 7771349 E-mail :soeldi-cnc@bluewin.ch\" \/>\n<meta property=\"og:url\" content=\"https:\/\/www.xn--sldi-cnc-n4a.ch\/en\/imprint\/\" \/>\n<meta property=\"og:site_name\" content=\"S\u00f6ldi-CNC mechanische Bearbeitung\" \/>\n<meta property=\"article:modified_time\" content=\"2025-06-11T21:10:27+00:00\" \/>\n<meta property=\"og:image\" content=\"https:\/\/www.xn--sldi-cnc-n4a.ch\/en\/wp-content\/uploads\/2025\/03\/metal-600474_1920.jpg\" \/>\n\t<meta property=\"og:image:width\" content=\"1920\" \/>\n\t<meta property=\"og:image:height\" content=\"1187\" \/>\n\t<meta property=\"og:image:type\" content=\"image\/jpeg\" \/>\n<meta name=\"twitter:card\" content=\"summary_large_image\" \/>\n<script type=\"application\/ld+json\" class=\"yoast-schema-graph\">{\"@context\":\"https:\/\/schema.org\",\"@graph\":[{\"@type\":\"WebPage\",\"@id\":\"https:\/\/www.xn--sldi-cnc-n4a.ch\/en\/imprint\/\",\"url\":\"https:\/\/www.xn--sldi-cnc-n4a.ch\/en\/imprint\/\",\"name\":\"Imprint - S\u00f6ldi-CNC mechanische Bearbeitung\",\"isPartOf\":{\"@id\":\"\/#website\"},\"primaryImageOfPage\":{\"@id\":\"https:\/\/www.xn--sldi-cnc-n4a.ch\/en\/imprint\/#primaryimage\"},\"image\":{\"@id\":\"https:\/\/www.xn--sldi-cnc-n4a.ch\/en\/imprint\/#primaryimage\"},\"thumbnailUrl\":\"https:\/\/www.xn--sldi-cnc-n4a.ch\/en\/wp-content\/uploads\/2025\/03\/metal-600474_1920.jpg\",\"datePublished\":\"2017-06-08T08:01:32+00:00\",\"dateModified\":\"2025-06-11T21:10:27+00:00\",\"breadcrumb\":{\"@id\":\"https:\/\/www.xn--sldi-cnc-n4a.ch\/en\/imprint\/#breadcrumb\"},\"inLanguage\":\"de\",\"potentialAction\":[{\"@type\":\"ReadAction\",\"target\":[\"https:\/\/www.xn--sldi-cnc-n4a.ch\/en\/imprint\/\"]}]},{\"@type\":\"ImageObject\",\"inLanguage\":\"de\",\"@id\":\"https:\/\/www.xn--sldi-cnc-n4a.ch\/en\/imprint\/#primaryimage\",\"url\":\"https:\/\/www.xn--sldi-cnc-n4a.ch\/en\/wp-content\/uploads\/2025\/03\/metal-600474_1920.jpg\",\"contentUrl\":\"https:\/\/www.xn--sldi-cnc-n4a.ch\/en\/wp-content\/uploads\/2025\/03\/metal-600474_1920.jpg\",\"width\":1920,\"height\":1187,\"caption\":\"S\u00f6ldi-CNC mechanical processing in Altst\u00e4tten\"},{\"@type\":\"BreadcrumbList\",\"@id\":\"https:\/\/www.xn--sldi-cnc-n4a.ch\/en\/imprint\/#breadcrumb\",\"itemListElement\":[{\"@type\":\"ListItem\",\"position\":1,\"name\":\"Home\",\"item\":\"https:\/\/www.xn--sldi-cnc-n4a.ch\/en\/\"},{\"@type\":\"ListItem\",\"position\":2,\"name\":\"Imprint\"}]},{\"@type\":\"WebSite\",\"@id\":\"\/#website\",\"url\":\"\/\",\"name\":\"Mustermann GmbH\",\"description\":\"S\u00f6ldi-CNC Mechanical Processing \u2013 Turning, Milling, Rhine Valley\",\"publisher\":{\"@id\":\"\/#organization\"},\"potentialAction\":[{\"@type\":\"SearchAction\",\"target\":{\"@type\":\"EntryPoint\",\"urlTemplate\":\"\/?s={search_term_string}\"},\"query-input\":{\"@type\":\"PropertyValueSpecification\",\"valueRequired\":true,\"valueName\":\"search_term_string\"}}],\"inLanguage\":\"de\"},{\"@type\":\"Organization\",\"@id\":\"\/#organization\",\"name\":\"Mustermann GmbH\",\"url\":\"\/\",\"logo\":{\"@type\":\"ImageObject\",\"inLanguage\":\"de\",\"@id\":\"\/#\/schema\/logo\/image\/\",\"url\":\"https:\/\/www.xn--sldi-cnc-n4a.ch\/en\/wp-content\/uploads\/2025\/03\/Uber-Uns-New-logo-removebg-preview-1.png\",\"contentUrl\":\"https:\/\/www.xn--sldi-cnc-n4a.ch\/en\/wp-content\/uploads\/2025\/03\/Uber-Uns-New-logo-removebg-preview-1.png\",\"width\":344,\"height\":107,\"caption\":\"Mustermann GmbH\"},\"image\":{\"@id\":\"\/#\/schema\/logo\/image\/\"}}]}<\/script>\n<!-- \/ Yoast SEO plugin. -->","yoast_head_json":{"title":"Imprint - S\u00f6ldi-CNC mechanische Bearbeitung","robots":{"index":"index","follow":"follow","max-snippet":"max-snippet:-1","max-image-preview":"max-image-preview:large","max-video-preview":"max-video-preview:-1"},"canonical":"https:\/\/www.xn--sldi-cnc-n4a.ch\/en\/imprint\/","og_locale":"de_DE","og_type":"article","og_title":"Imprint - S\u00f6ldi-CNC mechanische Bearbeitung","og_description":"Impressum S\u00f6ldi-CNC mechanical processing Im Baffles 39450 Altst\u00e4ttenSchweiz Tel.: +41 (0)71 7771350Fax&nbsp;: +41 (0)71 7771349 E-mail :soeldi-cnc@bluewin.ch","og_url":"https:\/\/www.xn--sldi-cnc-n4a.ch\/en\/imprint\/","og_site_name":"S\u00f6ldi-CNC mechanische Bearbeitung","article_modified_time":"2025-06-11T21:10:27+00:00","og_image":[{"width":1920,"height":1187,"url":"https:\/\/www.xn--sldi-cnc-n4a.ch\/en\/wp-content\/uploads\/2025\/03\/metal-600474_1920.jpg","type":"image\/jpeg"}],"twitter_card":"summary_large_image","schema":{"@context":"https:\/\/schema.org","@graph":[{"@type":"WebPage","@id":"https:\/\/www.xn--sldi-cnc-n4a.ch\/en\/imprint\/","url":"https:\/\/www.xn--sldi-cnc-n4a.ch\/en\/imprint\/","name":"Imprint - S\u00f6ldi-CNC mechanische Bearbeitung","isPartOf":{"@id":"\/#website"},"primaryImageOfPage":{"@id":"https:\/\/www.xn--sldi-cnc-n4a.ch\/en\/imprint\/#primaryimage"},"image":{"@id":"https:\/\/www.xn--sldi-cnc-n4a.ch\/en\/imprint\/#primaryimage"},"thumbnailUrl":"https:\/\/www.xn--sldi-cnc-n4a.ch\/en\/wp-content\/uploads\/2025\/03\/metal-600474_1920.jpg","datePublished":"2017-06-08T08:01:32+00:00","dateModified":"2025-06-11T21:10:27+00:00","breadcrumb":{"@id":"https:\/\/www.xn--sldi-cnc-n4a.ch\/en\/imprint\/#breadcrumb"},"inLanguage":"de","potentialAction":[{"@type":"ReadAction","target":["https:\/\/www.xn--sldi-cnc-n4a.ch\/en\/imprint\/"]}]},{"@type":"ImageObject","inLanguage":"de","@id":"https:\/\/www.xn--sldi-cnc-n4a.ch\/en\/imprint\/#primaryimage","url":"https:\/\/www.xn--sldi-cnc-n4a.ch\/en\/wp-content\/uploads\/2025\/03\/metal-600474_1920.jpg","contentUrl":"https:\/\/www.xn--sldi-cnc-n4a.ch\/en\/wp-content\/uploads\/2025\/03\/metal-600474_1920.jpg","width":1920,"height":1187,"caption":"S\u00f6ldi-CNC mechanical processing in Altst\u00e4tten"},{"@type":"BreadcrumbList","@id":"https:\/\/www.xn--sldi-cnc-n4a.ch\/en\/imprint\/#breadcrumb","itemListElement":[{"@type":"ListItem","position":1,"name":"Home","item":"https:\/\/www.xn--sldi-cnc-n4a.ch\/en\/"},{"@type":"ListItem","position":2,"name":"Imprint"}]},{"@type":"WebSite","@id":"\/#website","url":"\/","name":"Mustermann GmbH","description":"S\u00f6ldi-CNC Mechanical Processing \u2013 Turning, Milling, Rhine Valley","publisher":{"@id":"\/#organization"},"potentialAction":[{"@type":"SearchAction","target":{"@type":"EntryPoint","urlTemplate":"\/?s={search_term_string}"},"query-input":{"@type":"PropertyValueSpecification","valueRequired":true,"valueName":"search_term_string"}}],"inLanguage":"de"},{"@type":"Organization","@id":"\/#organization","name":"Mustermann GmbH","url":"\/","logo":{"@type":"ImageObject","inLanguage":"de","@id":"\/#\/schema\/logo\/image\/","url":"https:\/\/www.xn--sldi-cnc-n4a.ch\/en\/wp-content\/uploads\/2025\/03\/Uber-Uns-New-logo-removebg-preview-1.png","contentUrl":"https:\/\/www.xn--sldi-cnc-n4a.ch\/en\/wp-content\/uploads\/2025\/03\/Uber-Uns-New-logo-removebg-preview-1.png","width":344,"height":107,"caption":"Mustermann GmbH"},"image":{"@id":"\/#\/schema\/logo\/image\/"}}]}},"_links":{"self":[{"href":"https:\/\/www.xn--sldi-cnc-n4a.ch\/en\/wp-json\/wp\/v2\/pages\/26","targetHints":{"allow":["GET"]}}],"collection":[{"href":"https:\/\/www.xn--sldi-cnc-n4a.ch\/en\/wp-json\/wp\/v2\/pages"}],"about":[{"href":"https:\/\/www.xn--sldi-cnc-n4a.ch\/en\/wp-json\/wp\/v2\/types\/page"}],"author":[{"embeddable":true,"href":"https:\/\/www.xn--sldi-cnc-n4a.ch\/en\/wp-json\/wp\/v2\/users\/1"}],"replies":[{"embeddable":true,"href":"https:\/\/www.xn--sldi-cnc-n4a.ch\/en\/wp-json\/wp\/v2\/comments?post=26"}],"version-history":[{"count":54,"href":"https:\/\/www.xn--sldi-cnc-n4a.ch\/en\/wp-json\/wp\/v2\/pages\/26\/revisions"}],"predecessor-version":[{"id":11192,"href":"https:\/\/www.xn--sldi-cnc-n4a.ch\/en\/wp-json\/wp\/v2\/pages\/26\/revisions\/11192"}],"wp:featuredmedia":[{"embeddable":true,"href":"https:\/\/www.xn--sldi-cnc-n4a.ch\/en\/wp-json\/wp\/v2\/media\/10832"}],"wp:attachment":[{"href":"https:\/\/www.xn--sldi-cnc-n4a.ch\/en\/wp-json\/wp\/v2\/media?parent=26"}],"curies":[{"name":"wp","href":"https:\/\/api.w.org\/{rel}","templated":true}]}}